{"id":18,"date":"2016-11-23T12:38:54","date_gmt":"2016-11-23T12:38:54","guid":{"rendered":"http:\/\/www.apu-tec.com.ar\/\/?page_id=18"},"modified":"2017-01-05T17:41:07","modified_gmt":"2017-01-05T17:41:07","slug":"quienes-somos","status":"publish","type":"page","link":"https:\/\/www.apu-tec.com.ar\/index.php\/quienes-somos\/","title":{"rendered":"Quienes somos"},"content":{"rendered":"<div class=\"row\" data-cols=\"2\"><div class=\"column quienes-somos\" data-col=\"1\"><p><img loading=\"lazy\" class=\"alignnone wp-image-880 size-full\" src=\"http:\/\/www.apu-tec.com.ar\/\/wp-content\/uploads\/2016\/11\/foto-quienes-somos.jpg\" alt=\"foto-quienes-somos\" width=\"958\" height=\"1000\" srcset=\"https:\/\/www.apu-tec.com.ar\/wp-content\/uploads\/2016\/11\/foto-quienes-somos.jpg 958w, https:\/\/www.apu-tec.com.ar\/wp-content\/uploads\/2016\/11\/foto-quienes-somos-287x300.jpg 287w, https:\/\/www.apu-tec.com.ar\/wp-content\/uploads\/2016\/11\/foto-quienes-somos-768x802.jpg 768w\" sizes=\"(max-width: 958px) 100vw, 958px\" \/><\/p>\n<\/div><!--.column[data-col=\"1\"]--><div class=\"column\" data-col=\"1\"><p>Somos una empresa argentina que ofrece asesoramiento y servicio de pre-instalaci\u00f3n electromec\u00e1nica de equipos hospitalarios y dem\u00e1s productos necesarios para el \u00f3ptimo funcionamiento y puesta en marcha de su sistema de diagn\u00f3stico m\u00e9dico.<\/p>\n<p>Contamos con un equipo de trabajo multidisciplinario, altamente capacitado y con un comportamiento proactivo orientado a obtener los resultados deseados en cada proyecto. Respaldamos nuestra gesti\u00f3n con m\u00e1s de 25 a\u00f1os de experiencia en el ambiente m\u00e9dico.<\/p>\n<p>Nos especializamos en la pre-instalaci\u00f3n de Equipos M\u00e9dicos, C\u00e1lculo e instalaci\u00f3n de Blindajes para equipos de RM, Plomado en Salas de Tomograf\u00eda, Mediciones y Mantenimiento de Blindajes.<\/p>\n<p>La empresa ya cuenta con m\u00e1s de 500 proyectos realizados en Am\u00e9rica Latina. Somos Proveedores de grande empresas multinacionales como Siemens Healthcare, Philips Healthcare y GE de Argentina.<\/p>\n<\/div><!--.column[data-col=\"1\"]--><\/div><!--.row[data-cols=\"2\"]-->\n","protected":false},"excerpt":{"rendered":"<p>Somos una empresa argentina que ofrece asesoramiento y servicio de pre-instalaci\u00f3n electromec\u00e1nica de equipos hospitalarios y dem\u00e1s productos necesarios para el \u00f3ptimo funcionamiento y puesta en marcha de su sistema de diagn\u00f3stico<a class=\"moretag\" href=\"https:\/\/www.apu-tec.com.ar\/index.php\/quienes-somos\/\">Read More&#8230;<\/a><\/p>\n","protected":false},"author":1,"featured_media":0,"parent":0,"menu_order":14,"comment_status":"closed","ping_status":"closed","template":"","meta":[],"_links":{"self":[{"href":"https:\/\/www.apu-tec.com.ar\/index.php\/wp-json\/wp\/v2\/pages\/18"}],"collection":[{"href":"https:\/\/www.apu-tec.com.ar\/index.php\/wp-json\/wp\/v2\/pages"}],"about":[{"href":"https:\/\/www.apu-tec.com.ar\/index.php\/wp-json\/wp\/v2\/types\/page"}],"author":[{"embeddable":true,"href":"https:\/\/www.apu-tec.com.ar\/index.php\/wp-json\/wp\/v2\/users\/1"}],"replies":[{"embeddable":true,"href":"https:\/\/www.apu-tec.com.ar\/index.php\/wp-json\/wp\/v2\/comments?post=18"}],"version-history":[{"count":5,"href":"https:\/\/www.apu-tec.com.ar\/index.php\/wp-json\/wp\/v2\/pages\/18\/revisions"}],"predecessor-version":[{"id":883,"href":"https:\/\/www.apu-tec.com.ar\/index.php\/wp-json\/wp\/v2\/pages\/18\/revisions\/883"}],"wp:attachment":[{"href":"https:\/\/www.apu-tec.com.ar\/index.php\/wp-json\/wp\/v2\/media?parent=18"}],"curies":[{"name":"wp","href":"https:\/\/api.w.org\/{rel}","templated":true}]}}