{"id":20,"date":"2016-11-23T12:44:22","date_gmt":"2016-11-23T12:44:22","guid":{"rendered":"http:\/\/www.apu-tec.com.ar\/\/?page_id=20"},"modified":"2017-01-12T13:28:27","modified_gmt":"2017-01-12T13:28:27","slug":"que-ofrecemos","status":"publish","type":"page","link":"https:\/\/www.apu-tec.com.ar\/index.php\/quienes-somos\/que-ofrecemos\/","title":{"rendered":"Qu\u00e9 ofrecemos"},"content":{"rendered":"<div class=\"row\" data-cols=\"2\"><div class=\"column\" data-col=\"1\">\n<h2 style=\"text-align: right;\">Proyectos de instalaci\u00f3n de equipos de Resonancia Magn\u00e9tica:<\/h2>\n<ul>\n<li style=\"text-align: left;\">Asesoramiento previo.<\/li>\n<li style=\"text-align: left;\">Mediciones de Campo Electromagn\u00e9ticos y Vibraci\u00f3n antes de instalar equipos de RM o Microscopios electr\u00f3nicos.<\/li>\n<li style=\"text-align: left;\">Blindajes de Radio Frecuencia.<\/li>\n<li style=\"text-align: left;\">Blindajes Magn\u00e9ticos.<\/li>\n<li style=\"text-align: left;\">Aislaciones Ac\u00fasticas<\/li>\n<li style=\"text-align: left;\">Revestimiento o acabados internos de Sala. Modalidad \u201cllave en mano\u201d<\/li>\n<\/ul>\n<\/div><!--.column[data-col=\"1\"]--><div class=\"column\" data-col=\"1\">\n<div class=\"imagen_cuadrada\" style=\"background-image: url('http:\/\/www.apu-tec.com.ar\/\/wp-content\/uploads\/2016\/11\/resonadorMagneticoAbierto.jpg');\"><\/div>\n<\/div><!--.column[data-col=\"1\"]--><\/div><!--.row[data-cols=\"2\"]--><div class=\"row\" data-cols=\"2\"><div class=\"column\" data-col=\"1\">\n<div class=\"imagen_cuadrada\" style=\"background-image: url('http:\/\/www.apu-tec.com.ar\/\/wp-content\/uploads\/2016\/11\/blindajes01.jpg');\"><\/div>\n<\/div><!--.column[data-col=\"1\"]--><div class=\"column\" data-col=\"1\">\n<h2>Diagn\u00f3stico y Reparaci\u00f3n de Blindajes Revestimientos:<\/h2>\n<ul>\n<li>Medici\u00f3n y Chequeos de Blindajes de RF y Magn\u00e9ticos.<\/li>\n<li>Detecci\u00f3n de Fugas de RF.<\/li>\n<li>Servicio de Mantenimiento de Puertas de Resonancia y cambio de contactos.<\/li>\n<li>Reparaci\u00f3n de Blindajes y Renovaci\u00f3n de revestimientos de sala.<\/li>\n<\/ul>\n<\/div><!--.column[data-col=\"1\"]--><\/div><!--.row[data-cols=\"2\"]--><div class=\"row\" data-cols=\"2\"><div class=\"column\" data-col=\"1\">\n<h2 style=\"text-align: right;\">Instalaci\u00f3n de sistemas de iluminaci\u00f3n por Leds y Backlights:<\/h2>\n<ul>\n<li>Kits especiales de iluminaci\u00f3n para salas de RM.<\/li>\n<li>Ambientaci\u00f3n, Dise\u00f1o y Decoraci\u00f3n a pedido del cliente.<\/li>\n<\/ul>\n<\/div><!--.column[data-col=\"1\"]--><div class=\"column\" data-col=\"1\">\n<div class=\"imagen_cuadrada\" style=\"background-image: url('http:\/\/www.apu-tec.com.ar\/\/wp-content\/uploads\/2016\/11\/cielo-780x400.jpg');\"><\/div>\n<\/div><!--.column[data-col=\"1\"]--><\/div><!--.row[data-cols=\"2\"]--><div class=\"row\" data-cols=\"2\"><div class=\"column\" data-col=\"1\">\n<div class=\"imagen_cuadrada\" style=\"background-image: url('http:\/\/www.apu-tec.com.ar\/\/wp-content\/uploads\/2016\/11\/P1090532-1024x768.jpg');\"><\/div>\n<\/div><!--.column[data-col=\"1\"]--><div class=\"column\" data-col=\"1\">\n<h2>Instalaci\u00f3n y Des-instalaci\u00f3n Electro-Mec\u00e1nica de Equipos de imagenolog\u00eda:<\/h2>\n<ul>\n<li>Servicio de Pre-instalaci\u00f3n El\u00e9ctrica y mec\u00e1nica de equipos M\u00e9dicos y\/o Adaptaciones por cambio de equipos.<\/li>\n<li>Dise\u00f1o y Armado de Tableros El\u00e9ctricos seg\u00fan requisitos del equipo. Mediciones de linea y puesta a Tierra.<\/li>\n<li>Instalaci\u00f3n y Des-instalaci\u00f3n Electro-Mec\u00e1nica de equipos m\u00e9dicos: RM, Rayos, TC y Angiograf\u00eda. Estos trabajos los estamos realizando como proveedores de Siemens, Philips y GE de Argentina.<\/li>\n<\/ul>\n<\/div><!--.column[data-col=\"1\"]--><\/div><!--.row[data-cols=\"2\"]-->\n","protected":false},"excerpt":{"rendered":"<p>Proyectos de instalaci\u00f3n de equipos de Resonancia Magn\u00e9tica: Asesoramiento previo. Mediciones de Campo Electromagn\u00e9ticos y Vibraci\u00f3n antes de instalar equipos de RM o Microscopios electr\u00f3nicos. Blindajes de Radio Frecuencia. Blindajes Magn\u00e9ticos. Aislaciones<a class=\"moretag\" href=\"https:\/\/www.apu-tec.com.ar\/index.php\/quienes-somos\/que-ofrecemos\/\">Read More&#8230;<\/a><\/p>\n","protected":false},"author":1,"featured_media":0,"parent":18,"menu_order":13,"comment_status":"closed","ping_status":"closed","template":"","meta":[],"_links":{"self":[{"href":"https:\/\/www.apu-tec.com.ar\/index.php\/wp-json\/wp\/v2\/pages\/20"}],"collection":[{"href":"https:\/\/www.apu-tec.com.ar\/index.php\/wp-json\/wp\/v2\/pages"}],"about":[{"href":"https:\/\/www.apu-tec.com.ar\/index.php\/wp-json\/wp\/v2\/types\/page"}],"author":[{"embeddable":true,"href":"https:\/\/www.apu-tec.com.ar\/index.php\/wp-json\/wp\/v2\/users\/1"}],"replies":[{"embeddable":true,"href":"https:\/\/www.apu-tec.com.ar\/index.php\/wp-json\/wp\/v2\/comments?post=20"}],"version-history":[{"count":25,"href":"https:\/\/www.apu-tec.com.ar\/index.php\/wp-json\/wp\/v2\/pages\/20\/revisions"}],"predecessor-version":[{"id":916,"href":"https:\/\/www.apu-tec.com.ar\/index.php\/wp-json\/wp\/v2\/pages\/20\/revisions\/916"}],"up":[{"embeddable":true,"href":"https:\/\/www.apu-tec.com.ar\/index.php\/wp-json\/wp\/v2\/pages\/18"}],"wp:attachment":[{"href":"https:\/\/www.apu-tec.com.ar\/index.php\/wp-json\/wp\/v2\/media?parent=20"}],"curies":[{"name":"wp","href":"https:\/\/api.w.org\/{rel}","templated":true}]}}