{"id":22,"date":"2016-11-23T12:44:44","date_gmt":"2016-11-23T12:44:44","guid":{"rendered":"http:\/\/www.apu-tec.com.ar\/\/?page_id=22"},"modified":"2016-12-07T16:40:44","modified_gmt":"2016-12-07T16:40:44","slug":"nuestras-ventajas","status":"publish","type":"page","link":"https:\/\/www.apu-tec.com.ar\/index.php\/quienes-somos\/nuestras-ventajas\/","title":{"rendered":"Nuestras ventajas"},"content":{"rendered":"<div class=\"row\" data-cols=\"1\"><div class=\"column\" data-col=\"1\"><p><br \/>\n<div class=\"pt-cv-wrapper\"><div class=\"pt-cv-view pt-cv-grid pt-cv-colsys\" id=\"pt-cv-view-206b1ac41j\"><div data-id=\"pt-cv-page-1\" class=\"pt-cv-page\" data-cvc=\"2\"><div class=\"col-md-6 col-sm-6 col-xs-12 pt-cv-content-item pt-cv-1-col\" ><div class='pt-cv-ifield'><div class=\"pt-cv-content\"><div class=\"imagen_cuadrada_con_texto\" style=\"background-image: url('http:\/\/www.apu-tec.com.ar\/\/wp-content\/uploads\/2016\/11\/4.jpg\" alt=\"Mediciones magn\u00e9ticas');\">\n<div class=\"contenedor-texto\">\n<h4>Contamos con un laboratorio propio de mediciones magn\u00e9ticas, donde realizamos estudios ambientales de interferencias electromagn\u00e9ticas y relevamiento de campo magn\u00e9tico est\u00e1tico.<\/h4>\n<\/div>\n<\/div>\n<\/div><\/div><\/div>\n<div class=\"col-md-6 col-sm-6 col-xs-12 pt-cv-content-item pt-cv-1-col\" ><div class='pt-cv-ifield'><div class=\"pt-cv-content\"><div class=\"imagen_cuadrada_con_texto\" style=\"background-image: url('http:\/\/www.apu-tec.com.ar\/\/wp-content\/uploads\/2016\/12\/5-Ver-Mas-Desinstalacion-de-Tomografo2.jpg');\">\n<div class=\"contenedor-texto\">\n<h4>Son muchos los clientes que nos vuelven a elegir y conf\u00edan en nosotros para el asesoramiento y trabajo en conjunto al momento de instalar un nuevo equipo de RM.<\/h4>\n<\/div>\n<\/div>\n<\/div><\/div><\/div>\n<div class=\"col-md-6 col-sm-6 col-xs-12 pt-cv-content-item pt-cv-1-col\" ><div class='pt-cv-ifield'><div class=\"pt-cv-content\"><div class=\"imagen_cuadrada_con_texto\" style=\"background-image: url('http:\/\/www.apu-tec.com.ar\/\/wp-content\/uploads\/2016\/12\/8-Ver-mas-Angiografo3.jpg');\">\n<div class=\"contenedor-texto\">\n<h4>Todos nuestros proyectos son supervisados por un ingeniero desde el inicio, permitiendo de esta manera que todos los problemas puedan resolverse en forma inmediata. La flexibilidad que ofrecemos permite realizar cambios en el proyecto hasta \u00faltimo momento.<\/h4>\n<\/div>\n<\/div>\n<\/div><\/div><\/div>\n<div class=\"col-md-6 col-sm-6 col-xs-12 pt-cv-content-item pt-cv-1-col\" ><div class='pt-cv-ifield'><div class=\"pt-cv-content\"><div class=\"imagen_cuadrada_con_texto\" style=\"background-image: url('http:\/\/www.apu-tec.com.ar\/\/wp-content\/uploads\/2016\/11\/2-Service-y-reparacion1.jpg');\">\n<div class=\"contenedor-texto\">\n<h4>Ofrecemos un trabajo din\u00e1mico y en tiempo record.<\/h4>\n<\/div>\n<\/div>\n<\/div><\/div><\/div>\n<div class=\"col-md-6 col-sm-6 col-xs-12 pt-cv-content-item pt-cv-1-col\" ><div class='pt-cv-ifield'><div class=\"pt-cv-content\"><div class=\"imagen_cuadrada_con_texto\" style=\"background-image: url('http:\/\/www.apu-tec.com.ar\/\/wp-content\/uploads\/2016\/11\/foto16.jpg');\">\n<div class=\"contenedor-texto\">\n<h4>Ofrecemos productos y servicios innovadores, de alta calidad y con garant\u00eda.<\/h4>\n<\/div>\n<\/div>\n<\/div><\/div><\/div>\n<div class=\"col-md-6 col-sm-6 col-xs-12 pt-cv-content-item pt-cv-1-col\" ><div class='pt-cv-ifield'><div class=\"pt-cv-content\"><div class=\"imagen_cuadrada_con_texto\" style=\"background-image: url('http:\/\/www.apu-tec.com.ar\/\/wp-content\/uploads\/2016\/11\/foto7.jpg');\">\n<div class=\"contenedor-texto\">\n<h4>Por nuestro car\u00e1cter de Pyme, le garantizamos dinamismo, flexibilidad, adaptaci\u00f3n a sus necesidades y soluciones pr\u00e1cticas y personalizadas.<\/h4>\n<\/div>\n<\/div>\n<\/div><\/div><\/div>\n<div class=\"col-md-6 col-sm-6 col-xs-12 pt-cv-content-item pt-cv-1-col\" ><div class='pt-cv-ifield'><div class=\"pt-cv-content\"><div class=\"imagen_cuadrada_con_texto\" style=\"background-image: url('http:\/\/www.apu-tec.com.ar\/\/wp-content\/uploads\/2016\/11\/foto15.jpg');\">\n<div class=\"contenedor-texto\">\n<h4>Contamos con un equipo de profesionales expertos en diferentes especialidades y con capacidad multidisciplinaria.<\/h4>\n<\/div>\n<\/div>\n<\/div><\/div><\/div>\n<div class=\"col-md-6 col-sm-6 col-xs-12 pt-cv-content-item pt-cv-1-col\" ><div class='pt-cv-ifield'><div class=\"pt-cv-content\"><div class=\"imagen_cuadrada_con_texto\" style=\"background-image: url('http:\/\/www.apu-tec.com.ar\/\/wp-content\/uploads\/2016\/12\/Ver-mas-PET-CT-4.jpg');\">\n<div class=\"contenedor-texto\">\n<h4>Tenemos precios altamente competitivos y planes de facilidades<\/h4>\n<\/div>\n<\/div>\n<\/div><\/div><\/div><\/div><\/div><\/div>\n<\/div><!--.column[data-col=\"1\"]--><\/div><!--.row[data-cols=\"1\"]--><\/p>\n","protected":false},"excerpt":{"rendered":"","protected":false},"author":1,"featured_media":0,"parent":18,"menu_order":10,"comment_status":"closed","ping_status":"closed","template":"","meta":[],"_links":{"self":[{"href":"https:\/\/www.apu-tec.com.ar\/index.php\/wp-json\/wp\/v2\/pages\/22"}],"collection":[{"href":"https:\/\/www.apu-tec.com.ar\/index.php\/wp-json\/wp\/v2\/pages"}],"about":[{"href":"https:\/\/www.apu-tec.com.ar\/index.php\/wp-json\/wp\/v2\/types\/page"}],"author":[{"embeddable":true,"href":"https:\/\/www.apu-tec.com.ar\/index.php\/wp-json\/wp\/v2\/users\/1"}],"replies":[{"embeddable":true,"href":"https:\/\/www.apu-tec.com.ar\/index.php\/wp-json\/wp\/v2\/comments?post=22"}],"version-history":[{"count":4,"href":"https:\/\/www.apu-tec.com.ar\/index.php\/wp-json\/wp\/v2\/pages\/22\/revisions"}],"predecessor-version":[{"id":267,"href":"https:\/\/www.apu-tec.com.ar\/index.php\/wp-json\/wp\/v2\/pages\/22\/revisions\/267"}],"up":[{"embeddable":true,"href":"https:\/\/www.apu-tec.com.ar\/index.php\/wp-json\/wp\/v2\/pages\/18"}],"wp:attachment":[{"href":"https:\/\/www.apu-tec.com.ar\/index.php\/wp-json\/wp\/v2\/media?parent=22"}],"curies":[{"name":"wp","href":"https:\/\/api.w.org\/{rel}","templated":true}]}}