{"id":40,"date":"2016-11-23T12:51:40","date_gmt":"2016-11-23T12:51:40","guid":{"rendered":"http:\/\/www.apu-tec.com.ar\/\/?page_id=40"},"modified":"2016-12-29T17:25:12","modified_gmt":"2016-12-29T17:25:12","slug":"service-de-jaula","status":"publish","type":"page","link":"https:\/\/www.apu-tec.com.ar\/index.php\/servicios\/service-de-jaula\/","title":{"rendered":"Service de Jaula"},"content":{"rendered":"<div class=\"row\" data-cols=\"1\"><div class=\"column\" data-col=\"1\"><div class=\"tx-row \">\n<div class=\"tx-column tx-column-size-1-4\">\n<ul class=\"remarkup-list accordion\">\n<li class=\"remarkup-list-item\"><a id=\"mostrar-chequeo-de-fugas\" class=\"selected collapseTrigger btn btn-primary\" href=\"#\">Chequeo de fugas<br \/>\n<\/a><\/li>\n<li class=\"remarkup-list-item\"><a id=\"mostrar-service-y-reparacion\" class=\"collapseTrigger btn btn-primary\" href=\"#\">Service y Reparacion<br \/>\n<\/a><\/li>\n<li class=\"remarkup-list-item\"><a id=\"mostrar-remodelacion-por-cambio-de-equipo\" class=\"collapseTrigger btn btn-primary\" href=\"#\">Remodelaci\u00f3n por cambio de equipo<br \/>\n<\/a><\/li>\n<li class=\"remarkup-list-item\"><a id=\"mostrar-service-integral-de-puerta\" class=\"collapseTrigger btn btn-primary\" href=\"#\">Service Integral de Puerta<br \/>\n<\/a><\/li>\n<\/ul>\n<\/div>\n<div class=\"tx-column tx-column-size-3-4\">\n<div id=\"chequeo-de-fugas\" class=\"expanded accordion-container\">\n<div class=\"accordion-header\">Chequeo de fugas<\/div>\n<div class=\"accordion-body\">Contamos con detectores port\u00e1tiles tipo \u00absniffers\u00bb extremadamente sensibles para la b\u00fasqueda de fugas en Blindajes con filtraciones de Radiofrecuencia.<\/div>\n<\/div>\n<div id=\"service-y-reparacion\" class=\"collapsed accordion-container\">\n<div class=\"accordion-header\">Service y Reparaci\u00f3n<\/div>\n<div class=\"accordion-body\">\n<p>Cuando un Blindaje presente fallas, ya sea por causas accidentales o por simple desgaste, ofrecemos un plan de reparaci\u00f3n que incluye el reacondicionamiento de partes da\u00f1adas o su reemplazo directo por partes nuevas.<\/p>\n<div id='gallery-1' class='gallery galleryid-40 gallery-columns-5 gallery-size-thumbnail'><dl class='gallery-item'>\n\t\t\t<dt class='gallery-icon landscape'>\n\t\t\t\t<a href='https:\/\/www.apu-tec.com.ar\/wp-content\/uploads\/2016\/11\/2-Service-y-reparacion1.jpg'><img width=\"150\" height=\"150\" src=\"https:\/\/www.apu-tec.com.ar\/wp-content\/uploads\/2016\/11\/2-Service-y-reparacion1-150x150.jpg\" class=\"attachment-thumbnail size-thumbnail\" alt=\"\" loading=\"lazy\" \/><\/a>\n\t\t\t<\/dt><\/dl><dl class='gallery-item'>\n\t\t\t<dt class='gallery-icon landscape'>\n\t\t\t\t<a href='https:\/\/www.apu-tec.com.ar\/wp-content\/uploads\/2016\/11\/2-service-y-reparacion2.jpg'><img width=\"150\" height=\"150\" src=\"https:\/\/www.apu-tec.com.ar\/wp-content\/uploads\/2016\/11\/2-service-y-reparacion2-150x150.jpg\" class=\"attachment-thumbnail size-thumbnail\" alt=\"\" loading=\"lazy\" \/><\/a>\n\t\t\t<\/dt><\/dl><dl class='gallery-item'>\n\t\t\t<dt class='gallery-icon landscape'>\n\t\t\t\t<a href='https:\/\/www.apu-tec.com.ar\/wp-content\/uploads\/2016\/11\/2-service-y-reparacion3.jpg'><img width=\"150\" height=\"150\" src=\"https:\/\/www.apu-tec.com.ar\/wp-content\/uploads\/2016\/11\/2-service-y-reparacion3-150x150.jpg\" class=\"attachment-thumbnail size-thumbnail\" alt=\"\" loading=\"lazy\" \/><\/a>\n\t\t\t<\/dt><\/dl>\n\t\t\t<br style='clear: both' \/>\n\t\t<\/div>\n\n<\/div>\n<\/div>\n<div id=\"remodelacion-por-cambio-de-equipo\" class=\"collapsed accordion-container\">\n<div class=\"accordion-header\">Remodelaci\u00f3n por cambio de equipo<\/div>\n<div class=\"accordion-body\">\n<p>En el caso de que se quiera cambiar un equipo o mudarlo, adaptamos el Blindaje ya existente con determinadas especificaciones seg\u00fan el modelo del mismo.En primero lugar se realiza un an\u00e1lisis previo de situaci\u00f3n para evaluar y asesorar al cliente si es conveniente realizar esas modificaciones o emprender un proyecto nuevo.<\/p>\n<p>El servicio incluye:<\/p>\n<ul>\n<li>An\u00e1lisis previo del proyecto<\/li>\n<li>Chequeo general del Blindaje.<\/li>\n<li>Reparaci\u00f3n y puesta a punto b\u00e1sica.<\/li>\n<li>Service integral de puerta con cambio de contactos perimetrales de cobre<\/li>\n<li>Apertura y cierre del Blindaje durante el cambio de equipo.<\/li>\n<li>Adaptaci\u00f3n del panel de filtros.<\/li>\n<li>Provisi\u00f3n y colocaci\u00f3n de interfases nuevas (grillas de RF y gu\u00edas de onda).<\/li>\n<li>Provisi\u00f3n y colocaci\u00f3n de filtros el\u00e9ctricos nuevos si fueran precisos.<\/li>\n<li>Medici\u00f3n de atenuaci\u00f3n de RF final y certificaci\u00f3n.<\/li>\n<\/ul>\n<div id='gallery-2' class='gallery galleryid-40 gallery-columns-5 gallery-size-thumbnail'><dl class='gallery-item'>\n\t\t\t<dt class='gallery-icon landscape'>\n\t\t\t\t<a href='https:\/\/www.apu-tec.com.ar\/wp-content\/uploads\/2016\/11\/3-Remodelacion-por-cambio-de-Equipo1.jpg'><img width=\"150\" height=\"150\" src=\"https:\/\/www.apu-tec.com.ar\/wp-content\/uploads\/2016\/11\/3-Remodelacion-por-cambio-de-Equipo1-150x150.jpg\" class=\"attachment-thumbnail size-thumbnail\" alt=\"\" loading=\"lazy\" \/><\/a>\n\t\t\t<\/dt><\/dl><dl class='gallery-item'>\n\t\t\t<dt class='gallery-icon landscape'>\n\t\t\t\t<a href='https:\/\/www.apu-tec.com.ar\/wp-content\/uploads\/2016\/11\/3-Remodelacion-por-cambio-de-Equipo2.jpg'><img width=\"150\" height=\"150\" src=\"https:\/\/www.apu-tec.com.ar\/wp-content\/uploads\/2016\/11\/3-Remodelacion-por-cambio-de-Equipo2-150x150.jpg\" class=\"attachment-thumbnail size-thumbnail\" alt=\"\" loading=\"lazy\" \/><\/a>\n\t\t\t<\/dt><\/dl>\n\t\t\t<br style='clear: both' \/>\n\t\t<\/div>\n\n<\/div>\n<\/div>\n<div id=\"service-integral-de-puerta\" class=\"collapsed accordion-container\">\n<div class=\"accordion-header\">Service integral de puerta<\/div>\n<div class=\"accordion-body\">\n<p>La buena performance de la puerta blindada es clave para el correcto funcionamiento de la Sala de Resonancia Magn\u00e9tica. El service incluye:<\/p>\n<ul>\n<li>Chequeo Inicial del funcionamiento de todo el Blindaje de RF y sobre el \u00e1rea de trabajo.<\/li>\n<li>Limpieza integral del marco y contramarco de la puerta.<\/li>\n<li>Cambio de pernos y Grapodinas en mal estado.<\/li>\n<li>Limpieza de los contactos de cobre que se encuentran en buen estado.<\/li>\n<li>Remoci\u00f3n de contactos perimetrales de cobre antiguos, da\u00f1ados o faltantes (Lado superior + lado Inferior y parcialmente el Lateral del lado de la cerradura).<\/li>\n<li>Provisi\u00f3n y colocaci\u00f3n de hasta 4,00 m lineales de contactos nuevos importados (origen EEUU).<\/li>\n<li>Chequeo de luces entre hoja-marco y el correcto funcionamiento mec\u00e1nico de la Puerta<\/li>\n<li>Ajustes generales en pa\u00f1o de puerta, manij\u00f3n y cerradura<\/li>\n<\/ul>\n<div id='gallery-3' class='gallery galleryid-40 gallery-columns-5 gallery-size-thumbnail'><dl class='gallery-item'>\n\t\t\t<dt class='gallery-icon portrait'>\n\t\t\t\t<a href='https:\/\/www.apu-tec.com.ar\/wp-content\/uploads\/2016\/11\/4-Service-integral-de-puerta1.jpg'><img width=\"150\" height=\"150\" src=\"https:\/\/www.apu-tec.com.ar\/wp-content\/uploads\/2016\/11\/4-Service-integral-de-puerta1-150x150.jpg\" class=\"attachment-thumbnail size-thumbnail\" alt=\"\" loading=\"lazy\" \/><\/a>\n\t\t\t<\/dt><\/dl><dl class='gallery-item'>\n\t\t\t<dt class='gallery-icon portrait'>\n\t\t\t\t<a href='https:\/\/www.apu-tec.com.ar\/wp-content\/uploads\/2016\/11\/4-Service-integral-de-puerta2.jpg'><img width=\"150\" height=\"150\" src=\"https:\/\/www.apu-tec.com.ar\/wp-content\/uploads\/2016\/11\/4-Service-integral-de-puerta2-150x150.jpg\" class=\"attachment-thumbnail size-thumbnail\" alt=\"\" loading=\"lazy\" \/><\/a>\n\t\t\t<\/dt><\/dl><dl class='gallery-item'>\n\t\t\t<dt class='gallery-icon portrait'>\n\t\t\t\t<a href='https:\/\/www.apu-tec.com.ar\/wp-content\/uploads\/2016\/11\/4-Service-integral-de-puerta3.jpg'><img width=\"150\" height=\"150\" src=\"https:\/\/www.apu-tec.com.ar\/wp-content\/uploads\/2016\/11\/4-Service-integral-de-puerta3-150x150.jpg\" class=\"attachment-thumbnail size-thumbnail\" alt=\"\" loading=\"lazy\" \/><\/a>\n\t\t\t<\/dt><\/dl>\n\t\t\t<br style='clear: both' \/>\n\t\t<\/div>\n\n<\/div>\n<\/div>\n<\/div>\n<\/div>\n<\/div><!--.column[data-col=\"1\"]--><\/div><!--.row[data-cols=\"1\"]-->\n","protected":false},"excerpt":{"rendered":"","protected":false},"author":1,"featured_media":0,"parent":38,"menu_order":17,"comment_status":"closed","ping_status":"closed","template":"","meta":[],"_links":{"self":[{"href":"https:\/\/www.apu-tec.com.ar\/index.php\/wp-json\/wp\/v2\/pages\/40"}],"collection":[{"href":"https:\/\/www.apu-tec.com.ar\/index.php\/wp-json\/wp\/v2\/pages"}],"about":[{"href":"https:\/\/www.apu-tec.com.ar\/index.php\/wp-json\/wp\/v2\/types\/page"}],"author":[{"embeddable":true,"href":"https:\/\/www.apu-tec.com.ar\/index.php\/wp-json\/wp\/v2\/users\/1"}],"replies":[{"embeddable":true,"href":"https:\/\/www.apu-tec.com.ar\/index.php\/wp-json\/wp\/v2\/comments?post=40"}],"version-history":[{"count":16,"href":"https:\/\/www.apu-tec.com.ar\/index.php\/wp-json\/wp\/v2\/pages\/40\/revisions"}],"predecessor-version":[{"id":718,"href":"https:\/\/www.apu-tec.com.ar\/index.php\/wp-json\/wp\/v2\/pages\/40\/revisions\/718"}],"up":[{"embeddable":true,"href":"https:\/\/www.apu-tec.com.ar\/index.php\/wp-json\/wp\/v2\/pages\/38"}],"wp:attachment":[{"href":"https:\/\/www.apu-tec.com.ar\/index.php\/wp-json\/wp\/v2\/media?parent=40"}],"curies":[{"name":"wp","href":"https:\/\/api.w.org\/{rel}","templated":true}]}}