{"id":42,"date":"2016-11-23T12:51:57","date_gmt":"2016-11-23T12:51:57","guid":{"rendered":"http:\/\/www.apu-tec.com.ar\/\/?page_id=42"},"modified":"2016-12-30T17:49:09","modified_gmt":"2016-12-30T17:49:09","slug":"mediciones-ambientales","status":"publish","type":"page","link":"https:\/\/www.apu-tec.com.ar\/index.php\/servicios\/mediciones-ambientales\/","title":{"rendered":"Mediciones Ambientales"},"content":{"rendered":"<div class=\"row\" data-cols=\"1\"><div class=\"column\" data-col=\"1\"><p>&nbsp;<\/p>\n<h2 class=\"title\">Contamos con los equipos de medici\u00f3n para realizar los siguientes trabajos:<\/h2>\n<div class=\"tx-row \">\n<div class=\"tx-column tx-column-size-1-4\">\n<ul class=\"remarkup-list accordion\">\n<li class=\"remarkup-list-item\"><a id=\"mostrar-test-de-atenuacion-de-rf\" class=\"selected btn btn-primary collapseTrigger\" href=\"#\">Test de atenuaci\u00f3n de RF<br \/>\n<\/a><\/li>\n<li class=\"remarkup-list-item\"><a id=\"mostrar-medici\u00f3n-ambiental\" class=\"btn btn-primary collapseTrigger\" href=\"#\">Medici\u00f3n Ambiental Previa de Interferencias Magn\u00e9ticas y de Vibraciones<br \/>\n<\/a><\/li>\n<li class=\"remarkup-list-item\"><a id=\"mostrar-campo-magnetico-estatico\" class=\"btn btn-primary collapseTrigger\" href=\"#\">Campo Magnetico estatico (l\u00ednea 5\/1 Gauss)<br \/>\n<\/a><\/li>\n<li class=\"remarkup-list-item\"><a id=\"mostrar-ruido-acustico\" class=\"btn btn-primary collapseTrigger\" href=\"#\">Ruido Ac\u00fastico<br \/>\n<\/a><\/li>\n<li class=\"remarkup-list-item\"><a id=\"mostrar-impedancia-de-tierra\" class=\"btn btn-primary collapseTrigger\" href=\"#\">Impedancia de Tierra<br \/>\n<\/a><\/li>\n<\/ul>\n<\/div>\n<div class=\"tx-column tx-column-size-3-4\">\n<div id=\"test-de-atenuacion-de-rf\" class=\"expanded accordion-container\">\n<div class=\"accordion-header\">Test de atenuaci\u00f3n de RF<\/div>\n<div class=\"accordion-body\">\n<p>Contamos con equipamiento completo de transmisi\u00f3n y recepci\u00f3n de RF, para medir y certificar Blindajes. Los mismos pueden medir de 2 a 300 MHz de frecuencia, de acuerdo al protocolo exigido por el fabricante del equipo de RM.<\/p>\n<div id='gallery-1' class='gallery galleryid-42 gallery-columns-5 gallery-size-thumbnail'><dl class='gallery-item'>\n\t\t\t<dt class='gallery-icon portrait'>\n\t\t\t\t<a href='https:\/\/www.apu-tec.com.ar\/wp-content\/uploads\/2016\/11\/9.jpg'><img width=\"150\" height=\"150\" src=\"https:\/\/www.apu-tec.com.ar\/wp-content\/uploads\/2016\/11\/9-150x150.jpg\" class=\"attachment-thumbnail size-thumbnail\" alt=\"\" loading=\"lazy\" \/><\/a>\n\t\t\t<\/dt><\/dl><dl class='gallery-item'>\n\t\t\t<dt class='gallery-icon landscape'>\n\t\t\t\t<a href='https:\/\/www.apu-tec.com.ar\/wp-content\/uploads\/2016\/11\/8.jpg'><img width=\"150\" height=\"150\" src=\"https:\/\/www.apu-tec.com.ar\/wp-content\/uploads\/2016\/11\/8-150x150.jpg\" class=\"attachment-thumbnail size-thumbnail\" alt=\"\" loading=\"lazy\" \/><\/a>\n\t\t\t<\/dt><\/dl><dl class='gallery-item'>\n\t\t\t<dt class='gallery-icon portrait'>\n\t\t\t\t<a href='https:\/\/www.apu-tec.com.ar\/wp-content\/uploads\/2016\/11\/7.jpg'><img width=\"150\" height=\"150\" src=\"https:\/\/www.apu-tec.com.ar\/wp-content\/uploads\/2016\/11\/7-150x150.jpg\" class=\"attachment-thumbnail size-thumbnail\" alt=\"\" loading=\"lazy\" \/><\/a>\n\t\t\t<\/dt><\/dl><dl class='gallery-item'>\n\t\t\t<dt class='gallery-icon portrait'>\n\t\t\t\t<a href='https:\/\/www.apu-tec.com.ar\/wp-content\/uploads\/2016\/11\/5.jpg'><img width=\"150\" height=\"150\" src=\"https:\/\/www.apu-tec.com.ar\/wp-content\/uploads\/2016\/11\/5-150x150.jpg\" class=\"attachment-thumbnail size-thumbnail\" alt=\"\" loading=\"lazy\" \/><\/a>\n\t\t\t<\/dt><\/dl><dl class='gallery-item'>\n\t\t\t<dt class='gallery-icon landscape'>\n\t\t\t\t<a href='https:\/\/www.apu-tec.com.ar\/wp-content\/uploads\/2016\/11\/3.jpg'><img width=\"150\" height=\"150\" src=\"https:\/\/www.apu-tec.com.ar\/wp-content\/uploads\/2016\/11\/3-150x150.jpg\" class=\"attachment-thumbnail size-thumbnail\" alt=\"\" loading=\"lazy\" \/><\/a>\n\t\t\t<\/dt><\/dl><br style=\"clear: both\" \/>\n\t\t<\/div>\n\n<\/div>\n<\/div>\n<div id=\"medici\u00f3n-ambiental\" class=\"collapsed accordion-container\">\n<div class=\"accordion-header\">Medici\u00f3n Ambiental Previa de Interferencias Magn\u00e9ticas y de Vibraciones<\/div>\n<div class=\"accordion-body\">\n<p>Se trata de una medici\u00f3n \u201cprevia\u201d que permite detectar las interferencias Magn\u00e9ticas y Vibraciones, en el lugar de instalaci\u00f3n del futuro RM, verificando que las condiciones ambientales est\u00e9n de acuerdo a los \u201cRequisitos del fabricante del equipo de RM\u201d. Esto asegura el \u00f3ptimo funcionamiento del equipo, en cuanto a la calidad de im\u00e1genes.<\/p>\n<p>Como resultado del estudio confeccionamos un informe detallado del ambiente que rodea el sitio, en el idioma que solicite el proveedor para su an\u00e1lisis.En caso de obtener interferencias que superen los m\u00e1ximos aceptables para cada RM en particular, evaluamos en conjunto con la empresa proveedora, la soluci\u00f3n m\u00e1s viable, que genere el menor costo, teniendo en cuenta que se trata de una situaci\u00f3n imponderable.<\/p>\n<div id='gallery-2' class='gallery galleryid-42 gallery-columns-5 gallery-size-thumbnail'><dl class='gallery-item'>\n\t\t\t<dt class='gallery-icon landscape'>\n\t\t\t\t<a href='https:\/\/www.apu-tec.com.ar\/wp-content\/uploads\/2016\/11\/6-Vib-FFT-x.bmp'><img width=\"150\" height=\"100\" src=\"https:\/\/www.apu-tec.com.ar\/wp-content\/uploads\/2016\/11\/6-Vib-FFT-x.bmp\" class=\"attachment-thumbnail size-thumbnail\" alt=\"\" loading=\"lazy\" \/><\/a>\n\t\t\t<\/dt><\/dl><dl class='gallery-item'>\n\t\t\t<dt class='gallery-icon landscape'>\n\t\t\t\t<a href='https:\/\/www.apu-tec.com.ar\/wp-content\/uploads\/2016\/11\/4.jpg'><img width=\"150\" height=\"150\" src=\"https:\/\/www.apu-tec.com.ar\/wp-content\/uploads\/2016\/11\/4-150x150.jpg\" class=\"attachment-thumbnail size-thumbnail\" alt=\"\" loading=\"lazy\" \/><\/a>\n\t\t\t<\/dt><\/dl><dl class='gallery-item'>\n\t\t\t<dt class='gallery-icon portrait'>\n\t\t\t\t<a href='https:\/\/www.apu-tec.com.ar\/wp-content\/uploads\/2016\/11\/2.jpg'><img width=\"150\" height=\"150\" src=\"https:\/\/www.apu-tec.com.ar\/wp-content\/uploads\/2016\/11\/2-150x150.jpg\" class=\"attachment-thumbnail size-thumbnail\" alt=\"\" loading=\"lazy\" \/><\/a>\n\t\t\t<\/dt><\/dl>\n\t\t\t<br style='clear: both' \/>\n\t\t<\/div>\n\n<\/div>\n<\/div>\n<div id=\"campo-magnetico-estatico\" class=\"collapsed accordion-container\">\n<div class=\"accordion-header\">Campo Magn\u00e9tico est\u00e1tico (l\u00ednea 5\/1 Gauss)<\/div>\n<div class=\"accordion-body\">\n<p>Esta medici\u00f3n permite relevar el campo real generado por un magneto a su alrededor. Esto es de suma importancia en las siguientes situaciones:<\/p>\n<ul>\n<li>Cuando se quiere evaluar la magnetizaci\u00f3n de objetos o estructuras.<\/li>\n<li>Cuando se quiere verificar la eficiencia de un Blindaje Magn\u00e9tico.<\/li>\n<li>Cuando se quiere delimitar una zona para proteger equipamiento m\u00e9dico sensible alrededor de un magneto (Ej: m\u00e1quinas para anestesia dentro de una sala de RM, seri\u00f3grafos, tom\u00f3grafos, etc.)<\/li>\n<li>Cuando se quiere delimitar el \u00e1rea restringida que marca la l\u00ednea de 5 Gauss, para proteger a personas con implantes biom\u00e9dicos ferromagn\u00e9ticos (marcapasos, clips de aneurisma, v\u00e1lvulas a\u00f3rticas, etc.)<\/li>\n<li>Cuando se quiere delimitar el \u00e1rea supervisada que marca la l\u00ednea de 1 Gauss, para evitar que caigan dentro de ella televisores y monitores de tipo CRT (tubo de rayos cat\u00f3dicos).<\/li>\n<\/ul>\n<p>El l\u00edmite sanitario internacional de 5 Gauss:<\/p>\n<ul>\n<li>Por una disposici\u00f3n internacional, para habilitar cualquier sala de Resonancia Magn\u00e9tica, Radiof\u00edsica Sanitaria exige que la l\u00ednea de campo magn\u00e9tico de 5 Gauss quede restringida a la sala de examen y a la sala t\u00e9cnica.<\/li>\n<li>En caso de que la l\u00ednea de 5 Gauss del equipo salga por fuera de los l\u00edmites de la sala hacia \u00e1reas p\u00fablicas, ser\u00e1 preciso colocar un Blindaje Magn\u00e9tico pasivo adicional para apantallarla.<\/li>\n<\/ul>\n<\/div>\n<\/div>\n<div id=\"ruido-acustico\" class=\"collapsed accordion-container\">\n<div class=\"accordion-header\">Ruido Ac\u00fastico<\/div>\n<div class=\"accordion-body\">\n<p>Se pueden hacer mediciones de Ruidos Ac\u00fasticos generados por los equipos de RM y hacer recomendaciones para encontrar soluciones a los distintos casos que puedan presentarse.<\/p>\n<\/div>\n<\/div>\n<div id=\"impedancia-de-tierra\" class=\"collapsed accordion-container\">\n<div class=\"accordion-header\">Impedancia de Tierra<\/div>\n<div class=\"accordion-body\">\n<p>Realizamos mediciones de Impedancia de Tierra seg\u00fan lo solicitado por los distintos fabricantes de equipos.<\/p>\n<\/div>\n<\/div>\n<\/div>\n<\/div>\n<\/div><!--.column[data-col=\"1\"]--><\/div><!--.row[data-cols=\"1\"]-->\n","protected":false},"excerpt":{"rendered":"<p>&nbsp; Contamos con los equipos de medici\u00f3n para realizar los siguientes trabajos:<\/p>\n","protected":false},"author":1,"featured_media":0,"parent":38,"menu_order":9,"comment_status":"closed","ping_status":"closed","template":"","meta":[],"_links":{"self":[{"href":"https:\/\/www.apu-tec.com.ar\/index.php\/wp-json\/wp\/v2\/pages\/42"}],"collection":[{"href":"https:\/\/www.apu-tec.com.ar\/index.php\/wp-json\/wp\/v2\/pages"}],"about":[{"href":"https:\/\/www.apu-tec.com.ar\/index.php\/wp-json\/wp\/v2\/types\/page"}],"author":[{"embeddable":true,"href":"https:\/\/www.apu-tec.com.ar\/index.php\/wp-json\/wp\/v2\/users\/1"}],"replies":[{"embeddable":true,"href":"https:\/\/www.apu-tec.com.ar\/index.php\/wp-json\/wp\/v2\/comments?post=42"}],"version-history":[{"count":27,"href":"https:\/\/www.apu-tec.com.ar\/index.php\/wp-json\/wp\/v2\/pages\/42\/revisions"}],"predecessor-version":[{"id":727,"href":"https:\/\/www.apu-tec.com.ar\/index.php\/wp-json\/wp\/v2\/pages\/42\/revisions\/727"}],"up":[{"embeddable":true,"href":"https:\/\/www.apu-tec.com.ar\/index.php\/wp-json\/wp\/v2\/pages\/38"}],"wp:attachment":[{"href":"https:\/\/www.apu-tec.com.ar\/index.php\/wp-json\/wp\/v2\/media?parent=42"}],"curies":[{"name":"wp","href":"https:\/\/api.w.org\/{rel}","templated":true}]}}