{"id":44,"date":"2016-11-23T12:52:10","date_gmt":"2016-11-23T12:52:10","guid":{"rendered":"http:\/\/www.apu-tec.com.ar\/\/?page_id=44"},"modified":"2016-12-20T18:55:42","modified_gmt":"2016-12-20T18:55:42","slug":"asesoramiento","status":"publish","type":"page","link":"https:\/\/www.apu-tec.com.ar\/index.php\/servicios\/asesoramiento\/","title":{"rendered":"Asesoramiento"},"content":{"rendered":"<div class=\"row\" data-cols=\"1\"><div class=\"column\" data-col=\"1\"><div class=\"tx-row \">\n<div class=\"tx-column tx-column-size-1-4\">\n<ul class=\"remarkup-list accordion\">\n<li class=\"remarkup-list-item\"><a id=\"mostrar-calculo-de-blindaje-magnetico\" class=\"selected collapseTrigger btn btn-primary\" href=\"#\">Calculo de Blindaje Magn\u00e9tico<br \/>\n<\/a><\/li>\n<li class=\"remarkup-list-item\"><a id=\"mostrar-eliminacion-de-interferencias\" class=\"collapseTrigger btn btn-primary\" href=\"#\">Eliminaci\u00f3n de Interferencias<br \/>\n<\/a><\/li>\n<li class=\"remarkup-list-item\"><a id=\"mostrar-site-planning\" class=\"collapseTrigger btn btn-primary\" href=\"#\">Site Planning<br \/>\n<\/a><\/li>\n<li class=\"remarkup-list-item\"><a id=\"mostrar-adaptacion-reparacion-de-blindajes\" class=\"collapseTrigger btn btn-primary\" href=\"#\">Adaptaci\u00f3n\/Reparaci\u00f3n de Blindajes<br \/>\n<\/a><\/li>\n<\/ul>\n<\/div>\n<div class=\"tx-column tx-column-size-3-4\">\n<div id=\"calculo-de-blindaje-magnetico\" class=\"expanded accordion-container\">\n<div class=\"accordion-header\">Calculo de Blindaje Magn\u00e9tico<\/div>\n<div class=\"accordion-body\">Contamos con software de simulaci\u00f3n en 3D para recrear proyectos de salas de Resonancia Magn\u00e9tica de modo de optimizar el Blindaje Magn\u00e9tico pasivo. Los c\u00e1lculos logran utilizar la cantidad necesaria de material para que el cliente no tenga costos desmesurados. De esta manera tambi\u00e9n se reduce la carga est\u00e1tica sobre la estructura del edificio.<\/div>\n<\/div>\n<div id=\"eliminacion-de-interferencias\" class=\"collapsed accordion-container\">\n<div class=\"accordion-header\">Eliminaci\u00f3n de Interferencias<\/div>\n<div class=\"accordion-body\">En base a los estudios ambientales de cada proyecto ya instalado o pr\u00f3ximo a ejecutarse, ofrecemos el asesoramiento sobre posibles soluciones para reducir o eliminar las interferencias electromagn\u00e9ticas o de vibraciones que pudieran detectarse. Evaluamos el problema y la soluci\u00f3n en conjunto con la empresa proveedora.<\/div>\n<\/div>\n<div id=\"site-planning\" class=\"collapsed accordion-container\">\n<div class=\"accordion-header\">Site Planning<\/div>\n<div class=\"accordion-body\">Confeccionamos los planos tanto para los proyectos nuevos de blindajes como para los ya existentes. Este \u00faltimo, en caso que el cliente no los tenga o sean necesarios para alg\u00fan an\u00e1lisis posterior.<\/div>\n<\/div>\n<div id=\"adaptacion-reparacion-de-blindajes\" class=\"collapsed accordion-container\">\n<div class=\"accordion-header\">Adaptaci\u00f3n\/Reparaci\u00f3n de Blindajes<\/div>\n<div class=\"accordion-body\">En el caso de que se quiera cambiar un equipo o mudarlo, adaptamos el Blindaje ya existente con determinadas especificaciones seg\u00fan el modelo del mismo.<br \/>\nEn primero lugar se realiza un an\u00e1lisis previo de situaci\u00f3n para evaluar y asesorar al cliente si es conveniente realizar esas modificaciones o emprender un proyecto nuevo.El servicio incluye:<\/p>\n<ul>\n<li>\u2022 An\u00e1lisis previo del proyecto<\/li>\n<li>\u2022 Chequeo general del Blindaje.<\/li>\n<li>\u2022 Reparaci\u00f3n y puesta a punto b\u00e1sica.<\/li>\n<li>\u2022 Service integral de puerta con cambio de contactos perimetrales de cobre<\/li>\n<li>\u2022 Apertura y cierre del Blindaje durante el cambio de equipo.<\/li>\n<li>\u2022 Adaptaci\u00f3n del panel de filtros.<\/li>\n<li>\u2022 Provisi\u00f3n y colocaci\u00f3n de interfases nuevas (grillas de RF y gu\u00edas de onda).<\/li>\n<li>\u2022 Provisi\u00f3n y colocaci\u00f3n de filtros el\u00e9ctricos nuevos si fueran precisos.<\/li>\n<li>\u2022 Medici\u00f3n de atenuaci\u00f3n de RF final y certificaci\u00f3n.<\/li>\n<\/ul>\n<\/div>\n<\/div>\n<\/div>\n<\/div>\n<\/div><!--.column[data-col=\"1\"]--><\/div><!--.row[data-cols=\"1\"]-->\n","protected":false},"excerpt":{"rendered":"","protected":false},"author":1,"featured_media":0,"parent":38,"menu_order":3,"comment_status":"closed","ping_status":"closed","template":"","meta":[],"_links":{"self":[{"href":"https:\/\/www.apu-tec.com.ar\/index.php\/wp-json\/wp\/v2\/pages\/44"}],"collection":[{"href":"https:\/\/www.apu-tec.com.ar\/index.php\/wp-json\/wp\/v2\/pages"}],"about":[{"href":"https:\/\/www.apu-tec.com.ar\/index.php\/wp-json\/wp\/v2\/types\/page"}],"author":[{"embeddable":true,"href":"https:\/\/www.apu-tec.com.ar\/index.php\/wp-json\/wp\/v2\/users\/1"}],"replies":[{"embeddable":true,"href":"https:\/\/www.apu-tec.com.ar\/index.php\/wp-json\/wp\/v2\/comments?post=44"}],"version-history":[{"count":11,"href":"https:\/\/www.apu-tec.com.ar\/index.php\/wp-json\/wp\/v2\/pages\/44\/revisions"}],"predecessor-version":[{"id":591,"href":"https:\/\/www.apu-tec.com.ar\/index.php\/wp-json\/wp\/v2\/pages\/44\/revisions\/591"}],"up":[{"embeddable":true,"href":"https:\/\/www.apu-tec.com.ar\/index.php\/wp-json\/wp\/v2\/pages\/38"}],"wp:attachment":[{"href":"https:\/\/www.apu-tec.com.ar\/index.php\/wp-json\/wp\/v2\/media?parent=44"}],"curies":[{"name":"wp","href":"https:\/\/api.w.org\/{rel}","templated":true}]}}