{"id":55,"date":"2016-11-23T12:59:40","date_gmt":"2016-11-23T12:59:40","guid":{"rendered":"http:\/\/www.apu-tec.com.ar\/\/?page_id=55"},"modified":"2017-01-05T16:46:38","modified_gmt":"2017-01-05T16:46:38","slug":"clientes-usuales","status":"publish","type":"page","link":"https:\/\/www.apu-tec.com.ar\/index.php\/clientes\/clientes-usuales\/","title":{"rendered":"Clientes usuales"},"content":{"rendered":"<p>Son muchos los clientes que nos vuelven a elegir y conf\u00edan en nosotros para el asesoramiento y trabajo en conjunto al momento de instalar un nuevo equipo de RM. <\/p>\n<p>Podemos citar los siguientes trabajos:<\/p>\n<div class=\"row\" data-cols=\"1\"><div class=\"column\" data-col=\"1\"><p><br \/>\n<div class=\"pt-cv-wrapper\"><div class=\"pt-cv-view pt-cv-grid pt-cv-colsys\" id=\"pt-cv-view-6252fdduyf\"><div data-id=\"pt-cv-page-1\" class=\"pt-cv-page\" data-cvc=\"1\"><div class=\"col-md-12 col-sm-6 col-xs-12 pt-cv-content-item pt-cv-1-col\" ><div class='pt-cv-ifield'><div class=\"pt-cv-content\"><div class=\"tx-row \"><\/div>\n<div class=\"tx-column tx-column-size-1-2\">\n<div class=\"imagen_cuadrada\" style=\"background-image: url('http:\/\/www.apu-tec.com.ar\/\/wp-content\/uploads\/2017\/01\/Multiva-DIM-Portada-1024x768.jpg');\"><\/div>\n<\/div>\n<div class=\"tx-column tx-column-size-1-2\">\n<p><strong>Cliente:<\/strong> DIM Centros de Diagn\u00f3stico &#8211; Ramos Mej\u00eda, Bs. As.<\/p>\n<p><strong>Equipos:<\/strong> RM Philips Ingenia de 1,5T + RM Philips Multiva de 1,5T<\/p>\n<p><strong>Fechas:<\/strong> 2013-2014-2016<\/p>\n<p><strong>Trabajos Realizados:<\/strong> Blindaje de RF, Blindaje Magn\u00e9tico, Aislaci\u00f3n Ac\u00fastica con Revestimiento Interno de sala e iluminaci\u00f3n Led, Ca\u00f1o de Venteo de Helio hacia el exterior.<\/p>\n<\/div>\n <a href=\"https:\/\/www.apu-tec.com.ar\/index.php\/2017\/01\/01\/dim-centros-de-diagnostico\/#more-227\" class=\"more-link\"><span aria-label=\"Sigue leyendo DIM Centros de Diagn\u00f3stico &#8211;  Ramos Mej\u00eda, Bs. As.\">(m\u00e1s&hellip;)<\/span><\/a>\n<\/div><\/div><\/div>\n<div class=\"col-md-12 col-sm-6 col-xs-12 pt-cv-content-item pt-cv-1-col\" ><div class='pt-cv-ifield'><div class=\"pt-cv-content\"><div class=\"tx-row \"><\/div>\n<div class=\"tx-column tx-column-size-1-2\">\n<div class=\"imagen_cuadrada\" style=\"background-image: url('http:\/\/www.apu-tec.com.ar\/\/wp-content\/uploads\/2016\/12\/MON1-foto-de-portada.jpg');\"><\/div>\n<\/div>\n<div class=\"tx-column tx-column-size-1-2\">\n<p><strong>Cliente:<\/strong> CENTRO DE DIAGNISTICO MON \u2013  Ciudad de La Plata, Bs. As. <\/p>\n<p><strong>Equipos:<\/strong> RM Philips Ingenia de 1,5T + RM Ge  Optima 450w GEM de 1,5T<\/p>\n<p><strong>Fechas:<\/strong> 2014-2016<\/p>\n<p><strong>Trabajos Realizados:<\/strong> Blindaje de RF, Blindaje Magn\u00e9tico, Aislaci\u00f3n Ac\u00fastica con Revestimiento Interno de sala e iluminaci\u00f3n Led, Ca\u00f1o de Venteo de Helio hacia el exterior.<\/p>\n<\/div>\n<p> <a href=\"https:\/\/www.apu-tec.com.ar\/index.php\/2016\/12\/30\/centro-de-diagnostico-mon\/#more-239\" class=\"more-link\"><span aria-label=\"Sigue leyendo CENTRO DE DIAGNOSTICO MON \u2013  Ciudad de La Plata, Bs. As.\">(m\u00e1s&hellip;)<\/span><\/a><\/p>\n<\/div><\/div><\/div>\n<div class=\"col-md-12 col-sm-6 col-xs-12 pt-cv-content-item pt-cv-1-col\" ><div class='pt-cv-ifield'><div class=\"pt-cv-content\"><div class=\"tx-row \"><\/div>\n<div class=\"tx-column tx-column-size-1-2\">\n<div class=\"imagen_cuadrada\" style=\"background-image: url('http:\/\/www.apu-tec.com.ar\/\/wp-content\/uploads\/2016\/12\/Sede-Lujan1-foto-de-portada.jpg');\"><\/div>\n<\/div>\n<div class=\"tx-column tx-column-size-1-2\">\n<p><strong>Cliente:<\/strong> Sanatorio Modelo de Quilmes y Sede Lujan de FUNDACION CIENTIFICA DEL SUR &#8211;  Quilmes y Lujan, Bs. As.<\/p>\n<p><strong>Equipos:<\/strong> RM Siemens Espree de 1,5T + RM Ge  Inspire MR355 de 1,5T<\/p>\n<p><strong>Fechas:<\/strong> 2014-2015<\/p>\n<p><strong>Trabajos Realizados:<\/strong> Blindaje de RF, Blindaje Magn\u00e9tico, Aislaci\u00f3n Ac\u00fastica con Revestimiento Interno de sala, Ca\u00f1o de Venteo de Helio hacia el exterior.<\/p>\n<\/div>\n <a href=\"https:\/\/www.apu-tec.com.ar\/index.php\/2016\/12\/29\/242\/#more-242\" class=\"more-link\"><span aria-label=\"Sigue leyendo Sanatorio Modelo de Quilmes y Sede Lujan de FUNDACION CIENTIFICA DEL SUR &#8211;  Quilmes y Lujan, Bs. As.\">(m\u00e1s&hellip;)<\/span><\/a>\n<\/div><\/div><\/div>\n<div class=\"col-md-12 col-sm-6 col-xs-12 pt-cv-content-item pt-cv-1-col\" ><div class='pt-cv-ifield'><div class=\"pt-cv-content\"><div class=\"tx-row \">\n<div class=\"tx-column tx-column-size-1-2\">\n<div class=\"imagen_cuadrada\" style=\"background-image: url('http:\/\/www.apu-tec.com.ar\/\/wp-content\/uploads\/2016\/12\/Clinica-Modelo-de-Moron-foto-portada.jpg');\"><\/div>\n<\/div>\n<div class=\"tx-column tx-column-size-1-2\">\n<p><strong>Cliente:<\/strong> CLINICA MODELO DE MORON \u2013  Mor\u00f3n, Bs. As. <\/p>\n<p><strong>Equipos:<\/strong> RM Picker 0,23T + RM Toshiba Vantage Elan de 1,5T<\/p>\n<p><strong>Fechas:<\/strong> 2013-2016<\/p>\n<p><strong>Trabajos Realizados:<\/strong> Reparaci\u00f3n de Blindaje,  Adaptaci\u00f3n de Blindaje de RF y Ca\u00f1o de Venteo de Helio hacia el exterior.<\/p>\n<\/div>\n<\/div>\n<\/div><\/div><\/div>\n<div class=\"col-md-12 col-sm-6 col-xs-12 pt-cv-content-item pt-cv-1-col\" ><div class='pt-cv-ifield'><div class=\"pt-cv-content\"><div class=\"tx-row \"><\/div>\n<div class=\"tx-column tx-column-size-1-2\">\n<div class=\"imagen_cuadrada\" style=\"background-image: url('http:\/\/www.apu-tec.com.ar\/\/wp-content\/uploads\/2016\/12\/Diagnostico-Pacheco1-Foto-de-Portada.jpg');\"><\/div>\n<\/div>\n<div class=\"tx-column tx-column-size-1-2\">\n<p><strong>Cliente:<\/strong> DIAGNOSTICO PACHECO &#8211; El Talar, Bs. As. <\/p>\n<p><strong>Equipos:<\/strong> RM Ge Signa Profile 0,2T + RM Neusoft Superstar de 0,35T<\/p>\n<p><strong>Fechas:<\/strong> 2013-2016<\/p>\n<p><strong>Trabajos Realizados:<\/strong> Reparaci\u00f3n de Blindaje, Blindaje de RF, Blindaje Magn\u00e9tico, Revestimiento Interno de sala e iluminaci\u00f3n Led.<\/p>\n<\/div>\n <a href=\"https:\/\/www.apu-tec.com.ar\/index.php\/2016\/12\/27\/diagnostico-pacheco\/#more-250\" class=\"more-link\"><span aria-label=\"Sigue leyendo DIAGNOSTICO PACHECO &#8211; El Talar, Bs. As.\">(m\u00e1s&hellip;)<\/span><\/a>\n<\/div><\/div><\/div><\/div><\/div><\/div>\n<\/div><!--.column[data-col=\"1\"]--><\/div><!--.row[data-cols=\"1\"]-->\n","protected":false},"excerpt":{"rendered":"<p>Son muchos los clientes que nos vuelven a elegir y conf\u00edan en nosotros para el asesoramiento y trabajo en conjunto al momento de instalar un nuevo equipo de RM. Podemos citar los<a class=\"moretag\" href=\"https:\/\/www.apu-tec.com.ar\/index.php\/clientes\/clientes-usuales\/\">Read More&#8230;<\/a><\/p>\n","protected":false},"author":1,"featured_media":0,"parent":53,"menu_order":6,"comment_status":"closed","ping_status":"closed","template":"","meta":[],"_links":{"self":[{"href":"https:\/\/www.apu-tec.com.ar\/index.php\/wp-json\/wp\/v2\/pages\/55"}],"collection":[{"href":"https:\/\/www.apu-tec.com.ar\/index.php\/wp-json\/wp\/v2\/pages"}],"about":[{"href":"https:\/\/www.apu-tec.com.ar\/index.php\/wp-json\/wp\/v2\/types\/page"}],"author":[{"embeddable":true,"href":"https:\/\/www.apu-tec.com.ar\/index.php\/wp-json\/wp\/v2\/users\/1"}],"replies":[{"embeddable":true,"href":"https:\/\/www.apu-tec.com.ar\/index.php\/wp-json\/wp\/v2\/comments?post=55"}],"version-history":[{"count":5,"href":"https:\/\/www.apu-tec.com.ar\/index.php\/wp-json\/wp\/v2\/pages\/55\/revisions"}],"predecessor-version":[{"id":729,"href":"https:\/\/www.apu-tec.com.ar\/index.php\/wp-json\/wp\/v2\/pages\/55\/revisions\/729"}],"up":[{"embeddable":true,"href":"https:\/\/www.apu-tec.com.ar\/index.php\/wp-json\/wp\/v2\/pages\/53"}],"wp:attachment":[{"href":"https:\/\/www.apu-tec.com.ar\/index.php\/wp-json\/wp\/v2\/media?parent=55"}],"curies":[{"name":"wp","href":"https:\/\/api.w.org\/{rel}","templated":true}]}}